{"id":345,"date":"2023-05-30T09:27:39","date_gmt":"2023-05-30T07:27:39","guid":{"rendered":"https:\/\/vom-sassbach.com\/?page_id=345"},"modified":"2023-05-30T09:32:25","modified_gmt":"2023-05-30T07:32:25","slug":"impressum","status":"publish","type":"page","link":"https:\/\/vom-sassbach.com\/?page_id=345","title":{"rendered":"Impressum"},"content":{"rendered":"\t\t<div data-elementor-type=\"wp-page\" data-elementor-id=\"345\" class=\"elementor elementor-345\">\n\t\t\t\t\t\t<section class=\"elementor-section elementor-top-section elementor-element elementor-element-ebe9fdc elementor-section-boxed elementor-section-height-default elementor-section-height-default\" data-id=\"ebe9fdc\" data-element_type=\"section\" data-e-type=\"section\">\n\t\t\t\t\t\t<div class=\"elementor-container elementor-column-gap-default\">\n\t\t\t\t\t<div class=\"elementor-column elementor-col-100 elementor-top-column elementor-element elementor-element-e0548ff\" data-id=\"e0548ff\" data-element_type=\"column\" data-e-type=\"column\">\n\t\t\t<div class=\"elementor-widget-wrap elementor-element-populated\">\n\t\t\t\t\t\t<div class=\"elementor-element elementor-element-3647411 elementor-widget elementor-widget-text-editor\" data-id=\"3647411\" data-element_type=\"widget\" data-e-type=\"widget\" data-widget_type=\"text-editor.default\">\n\t\t\t\t<div class=\"elementor-widget-container\">\n\t\t\t\t\t\t\t\t\t<p>Angaben gem\u00e4\u00df Informationspflicht laut \u00a75 E-Commerce Gesetz, \u00a714 Unternehmensgesetzbuch, \u00a763 Gewerbeordnung und Offenlegungspflicht laut \u00a725 Mediengesetz.<br><br><\/p>\n<p>vom-Sassbach<br>Micahel Schantl<br>Rohrbach am Rosenberg 50<br>8092 Mettersdorf am Sassbach<\/p>\n<p>\u00d6sterreich<\/p>\n<p>Unternehmensgegenstand: Tierpflegesalon und Tierpension, sowie Hundezucht und Einzelhandel mit einschl\u00e4gigen Produkten.<br>UID-Nummer: ATU67771903<br>Tel.: 0664 73653761<br>E-Mail: info@vom-sassbach.at<br>Mitglied bei: WKO<\/p>\n<p>Berufsrecht: Gewerbeordnung: www.ris.bka.gv.at<br>Aufsichtsbeh\u00f6rde\/Gewerbebeh\u00f6rde: Bezirkshauptmannschaft S\u00fcd &#8211; Ost- Steiermark<br>Berufsbezeichnung: Webdesigner: Julian Irmler, Grafiker: Michael Schantl<br>Verleihungsstaat: \u00d6sterreich<\/p>\n<p><br><\/p>\n<p>Kontaktdaten des Verantwortlichen f\u00fcr Datenschutz<br>Sollten Sie Fragen zum Datenschutz haben, finden Sie nachfolgend die Kontaktdaten der verantwortlichen Person bzw. Stelle:<br><br>Michael Schantl<br>Rohrbach am Rosenberg 50<br>8092 Mettersdorf am Sassbach<br>Vertretungsberechtigt: Michael Schantl<br>E-Mail-Adresse: info@vom-sassbach.com<br>Telefon: 0664 73653761<br>Impressum: https:\/\/www.vom-sassbach.com<br><br>EU-Streitschlichtung<br>Gem\u00e4\u00df Verordnung \u00fcber Online-Streitbeilegung in Verbraucherangelegenheiten (ODR-Verordnung) m\u00f6chten wir Sie \u00fcber die Online-Streitbeilegungsplattform (OS-Plattform) informieren.<br>Verbraucher haben die M\u00f6glichkeit, Beschwerden an die Online Streitbeilegungsplattform der Europ\u00e4ischen Kommission unter https:\/\/ec.europa.eu\/consumers\/odr\/main\/index.cfm?event=main.home2.show&amp;Ing=DE zu richten. Die daf\u00fcr notwendigen Kontaktdaten finden Sie oberhalb in unserem Impressum. Wir m\u00f6chten Sie jedoch darauf hinweisen, dass wir nicht bereit oder verpflichtet sind, an Streitbeilegungsverfahren vor einer Verbraucherschlichtungsstelle teilzunehmen.Haftung f\u00fcr Inhalte dieser Website<br><br>Wir entwickeln die Inhalte dieser Website st\u00e4ndig weiter und bem\u00fchen uns korrekte und aktuelle Informationen bereitzustellen. Leider k\u00f6nnen wir keine Haftung f\u00fcr die Korrektheit aller Inhalte auf dieser Website \u00fcbernehmen, speziell f\u00fcr jene, die seitens Dritter bereitgestellt wurden. Als Dienstanbieter sind wir nicht verpflichtet, die von Ihnen \u00fcbermittelten oder gespeicherten Informationen zu \u00fcberwachen oder nach Umst\u00e4nden zu forschen, die auf eine rechtswidrige T\u00e4tigkeit hinweisen.<br><\/p>\t\t\t\t\t\t\t\t<\/div>\n\t\t\t\t<\/div>\n\t\t\t\t\t<\/div>\n\t\t<\/div>\n\t\t\t\t\t<\/div>\n\t\t<\/section>\n\t\t\t\t<\/div>\n\t\t","protected":false},"excerpt":{"rendered":"<p>Angaben gem\u00e4\u00df Informationspflicht laut \u00a75 E-Commerce Gesetz, \u00a714 Unternehmensgesetzbuch, \u00a763 Gewerbeordnung und Offenlegungspflicht laut \u00a725 Mediengesetz. vom-SassbachMicahel SchantlRohrbach am Rosenberg 508092 Mettersdorf am Sassbach \u00d6sterreich Unternehmensgegenstand: Tierpflegesalon und Tierpension, sowie Hundezucht und Einzelhandel mit einschl\u00e4gigen Produkten.UID-Nummer: ATU67771903Tel.: 0664 73653761E-Mail: info@vom-sassbach.atMitglied bei: WKO Berufsrecht: Gewerbeordnung: www.ris.bka.gv.atAufsichtsbeh\u00f6rde\/Gewerbebeh\u00f6rde: Bezirkshauptmannschaft S\u00fcd &#8211; Ost- SteiermarkBerufsbezeichnung: Webdesigner: Julian Irmler, Grafiker: Michael [&hellip;]<\/p>\n","protected":false},"author":1,"featured_media":0,"parent":0,"menu_order":0,"comment_status":"closed","ping_status":"closed","template":"","meta":{"footnotes":""},"class_list":["post-345","page","type-page","status-publish","hentry"],"acf":[],"_links":{"self":[{"href":"https:\/\/vom-sassbach.com\/index.php?rest_route=\/wp\/v2\/pages\/345","targetHints":{"allow":["GET"]}}],"collection":[{"href":"https:\/\/vom-sassbach.com\/index.php?rest_route=\/wp\/v2\/pages"}],"about":[{"href":"https:\/\/vom-sassbach.com\/index.php?rest_route=\/wp\/v2\/types\/page"}],"author":[{"embeddable":true,"href":"https:\/\/vom-sassbach.com\/index.php?rest_route=\/wp\/v2\/users\/1"}],"replies":[{"embeddable":true,"href":"https:\/\/vom-sassbach.com\/index.php?rest_route=%2Fwp%2Fv2%2Fcomments&post=345"}],"version-history":[{"count":8,"href":"https:\/\/vom-sassbach.com\/index.php?rest_route=\/wp\/v2\/pages\/345\/revisions"}],"predecessor-version":[{"id":353,"href":"https:\/\/vom-sassbach.com\/index.php?rest_route=\/wp\/v2\/pages\/345\/revisions\/353"}],"wp:attachment":[{"href":"https:\/\/vom-sassbach.com\/index.php?rest_route=%2Fwp%2Fv2%2Fmedia&parent=345"}],"curies":[{"name":"wp","href":"https:\/\/api.w.org\/{rel}","templated":true}]}}