{"id":168,"date":"2023-05-15T09:24:01","date_gmt":"2023-05-15T07:24:01","guid":{"rendered":"https:\/\/vom-sassbach.com\/?page_id=168"},"modified":"2025-10-15T15:29:17","modified_gmt":"2025-10-15T13:29:17","slug":"zucht","status":"publish","type":"page","link":"https:\/\/vom-sassbach.com\/?page_id=168","title":{"rendered":"Zucht"},"content":{"rendered":"\t\t<div data-elementor-type=\"wp-page\" data-elementor-id=\"168\" class=\"elementor elementor-168\">\n\t\t\t\t\t\t<section class=\"elementor-section elementor-top-section elementor-element elementor-element-0d3c6ef elementor-section-boxed elementor-section-height-default elementor-section-height-default\" data-id=\"0d3c6ef\" data-element_type=\"section\" data-e-type=\"section\">\n\t\t\t\t\t\t<div class=\"elementor-container elementor-column-gap-default\">\n\t\t\t\t\t<div class=\"elementor-column elementor-col-100 elementor-top-column elementor-element elementor-element-6044795\" data-id=\"6044795\" data-element_type=\"column\" data-e-type=\"column\">\n\t\t\t<div class=\"elementor-widget-wrap elementor-element-populated\">\n\t\t\t\t\t\t<div class=\"elementor-element elementor-element-9e99f57 elementor-widget elementor-widget-heading\" data-id=\"9e99f57\" data-element_type=\"widget\" data-e-type=\"widget\" data-widget_type=\"heading.default\">\n\t\t\t\t<div class=\"elementor-widget-container\">\n\t\t\t\t\t<h1 class=\"elementor-heading-title elementor-size-default\">Zucht<\/h1>\t\t\t\t<\/div>\n\t\t\t\t<\/div>\n\t\t\t\t\t<\/div>\n\t\t<\/div>\n\t\t\t\t\t<\/div>\n\t\t<\/section>\n\t\t\t\t<section class=\"elementor-section elementor-top-section elementor-element elementor-element-0b928dc elementor-section-boxed elementor-section-height-default elementor-section-height-default\" data-id=\"0b928dc\" data-element_type=\"section\" data-e-type=\"section\">\n\t\t\t\t\t\t<div class=\"elementor-container elementor-column-gap-default\">\n\t\t\t\t\t<div class=\"elementor-column elementor-col-33 elementor-top-column elementor-element elementor-element-5ac5bf5\" data-id=\"5ac5bf5\" data-element_type=\"column\" data-e-type=\"column\">\n\t\t\t<div class=\"elementor-widget-wrap elementor-element-populated\">\n\t\t\t\t\t\t<div class=\"elementor-element elementor-element-0c0a4a4 elementor-widget elementor-widget-image\" data-id=\"0c0a4a4\" data-element_type=\"widget\" data-e-type=\"widget\" data-widget_type=\"image.default\">\n\t\t\t\t<div class=\"elementor-widget-container\">\n\t\t\t\t\t\t\t\t\t\t\t\t\t\t\t\t<a href=\"https:\/\/vom-sassbach.com\/wp-content\/uploads\/2023\/05\/6A45DAEA-B720-4B0C-8E7F-2BEEDD0BCD03_1_105_c.jpeg\" data-elementor-open-lightbox=\"yes\" data-elementor-lightbox-title=\"6A45DAEA-B720-4B0C-8E7F-2BEEDD0BCD03_1_105_c\" data-e-action-hash=\"#elementor-action%3Aaction%3Dlightbox%26settings%3DeyJpZCI6MjEzLCJ1cmwiOiJodHRwczpcL1wvdm9tLXNhc3NiYWNoLmNvbVwvd3AtY29udGVudFwvdXBsb2Fkc1wvMjAyM1wvMDVcLzZBNDVEQUVBLUI3MjAtNEIwQy04RTdGLTJCRUVERDBCQ0QwM18xXzEwNV9jLmpwZWcifQ%3D%3D\">\n\t\t\t\t\t\t\t<img fetchpriority=\"high\" decoding=\"async\" width=\"945\" height=\"832\" src=\"https:\/\/vom-sassbach.com\/wp-content\/uploads\/2023\/05\/6A45DAEA-B720-4B0C-8E7F-2BEEDD0BCD03_1_105_c.jpeg\" class=\"attachment-large size-large wp-image-213\" alt=\"\" srcset=\"https:\/\/vom-sassbach.com\/wp-content\/uploads\/2023\/05\/6A45DAEA-B720-4B0C-8E7F-2BEEDD0BCD03_1_105_c.jpeg 945w, https:\/\/vom-sassbach.com\/wp-content\/uploads\/2023\/05\/6A45DAEA-B720-4B0C-8E7F-2BEEDD0BCD03_1_105_c-300x264.jpeg 300w, https:\/\/vom-sassbach.com\/wp-content\/uploads\/2023\/05\/6A45DAEA-B720-4B0C-8E7F-2BEEDD0BCD03_1_105_c-768x676.jpeg 768w\" sizes=\"(max-width: 945px) 100vw, 945px\" \/>\t\t\t\t\t\t\t\t<\/a>\n\t\t\t\t\t\t\t\t\t\t\t\t\t\t\t<\/div>\n\t\t\t\t<\/div>\n\t\t\t\t<div class=\"elementor-element elementor-element-ddea970 elementor-widget__width-auto elementor-widget elementor-widget-heading\" data-id=\"ddea970\" data-element_type=\"widget\" data-e-type=\"widget\" data-widget_type=\"heading.default\">\n\t\t\t\t<div class=\"elementor-widget-container\">\n\t\t\t\t\t<h1 class=\"elementor-heading-title elementor-size-default\">Shiba Inu<\/h1>\t\t\t\t<\/div>\n\t\t\t\t<\/div>\n\t\t\t\t\t<\/div>\n\t\t<\/div>\n\t\t\t\t<div class=\"elementor-column elementor-col-66 elementor-top-column elementor-element elementor-element-10c2bb4\" data-id=\"10c2bb4\" data-element_type=\"column\" data-e-type=\"column\">\n\t\t\t<div class=\"elementor-widget-wrap elementor-element-populated\">\n\t\t\t\t\t\t<div class=\"elementor-element elementor-element-79f430e elementor-widget elementor-widget-text-editor\" data-id=\"79f430e\" data-element_type=\"widget\" data-e-type=\"widget\" data-widget_type=\"text-editor.default\">\n\t\t\t\t<div class=\"elementor-widget-container\">\n\t\t\t\t\t\t\t\t\t<p>Der Shiba Inu ist ein japanischer Hund, dessen Wurzeln vor etwa 8000 Jahren <br \/>zur\u00fcckverfolgt werden k\u00f6nnen. Er ist ein nationales Naturdenkmal in Japan und 1928 begann man mit seiner Neuzucht. 1934 erstellte man schlie\u00dflich den Standard des Shiba Inus. Daher gibt es heute zwei verschiedene Schl\u00e4ge: Ein hochbeiniger, kr\u00e4ftiger und elegant wirkender Hund und ein muskul\u00f6serer, gr\u00f6\u00dferer Hund, der in den USA gez\u00fcchtet wird. Er ist 40 cm gro\u00df und wiegt bis zu 13 kg. Der Kopf ist breit mit einem deutlichen Stop und kleinen, weit auseinander stehenden, dreieckigen Ohren. Sein Fang ist gerade und m\u00e4\u00dfig dick.<\/p><p>Aktuell: Wir haben Siba Inu Welpen (Oktober 2025)<\/p>\t\t\t\t\t\t\t\t<\/div>\n\t\t\t\t<\/div>\n\t\t\t\t<div class=\"elementor-element elementor-element-d3296f3 elementor-widget elementor-widget-heading\" data-id=\"d3296f3\" data-element_type=\"widget\" data-e-type=\"widget\" data-widget_type=\"heading.default\">\n\t\t\t\t<div class=\"elementor-widget-container\">\n\t\t\t\t\t<h3 class=\"elementor-heading-title elementor-size-default\">Galerie<\/h3>\t\t\t\t<\/div>\n\t\t\t\t<\/div>\n\t\t\t\t<div class=\"elementor-element elementor-element-c73930f elementor-widget elementor-widget-gallery\" data-id=\"c73930f\" data-element_type=\"widget\" data-e-type=\"widget\" data-settings=\"{&quot;gallery_layout&quot;:&quot;justified&quot;,&quot;ideal_row_height_mobile&quot;:{&quot;unit&quot;:&quot;px&quot;,&quot;size&quot;:120,&quot;sizes&quot;:[]},&quot;lazyload&quot;:&quot;yes&quot;,&quot;ideal_row_height&quot;:{&quot;unit&quot;:&quot;px&quot;,&quot;size&quot;:200,&quot;sizes&quot;:[]},&quot;ideal_row_height_tablet&quot;:{&quot;unit&quot;:&quot;px&quot;,&quot;size&quot;:150,&quot;sizes&quot;:[]},&quot;gap&quot;:{&quot;unit&quot;:&quot;px&quot;,&quot;size&quot;:10,&quot;sizes&quot;:[]},&quot;gap_tablet&quot;:{&quot;unit&quot;:&quot;px&quot;,&quot;size&quot;:10,&quot;sizes&quot;:[]},&quot;gap_mobile&quot;:{&quot;unit&quot;:&quot;px&quot;,&quot;size&quot;:10,&quot;sizes&quot;:[]},&quot;link_to&quot;:&quot;file&quot;,&quot;overlay_background&quot;:&quot;yes&quot;,&quot;content_hover_animation&quot;:&quot;fade-in&quot;}\" data-widget_type=\"gallery.default\">\n\t\t\t\t<div class=\"elementor-widget-container\">\n\t\t\t\t\t\t\t<div class=\"elementor-gallery__container\">\n\t\t\t\t\t\t\t<a class=\"e-gallery-item elementor-gallery-item elementor-animated-content\" href=\"https:\/\/vom-sassbach.com\/wp-content\/uploads\/2023\/05\/C1BDD07D-AE88-406F-833E-70BC527C1F05_1_105_c.jpeg\" data-elementor-open-lightbox=\"yes\" data-elementor-lightbox-slideshow=\"all-c73930f\" data-elementor-lightbox-title=\"C1BDD07D-AE88-406F-833E-70BC527C1F05_1_105_c\" data-e-action-hash=\"#elementor-action%3Aaction%3Dlightbox%26settings%3DeyJpZCI6MzI3LCJ1cmwiOiJodHRwczpcL1wvdm9tLXNhc3NiYWNoLmNvbVwvd3AtY29udGVudFwvdXBsb2Fkc1wvMjAyM1wvMDVcL0MxQkREMDdELUFFODgtNDA2Ri04MzNFLTcwQkM1MjdDMUYwNV8xXzEwNV9jLmpwZWciLCJzbGlkZXNob3ciOiJhbGwtYzczOTMwZiJ9\">\n\t\t\t\t\t<div class=\"e-gallery-image elementor-gallery-item__image\" data-thumbnail=\"https:\/\/vom-sassbach.com\/wp-content\/uploads\/2023\/05\/C1BDD07D-AE88-406F-833E-70BC527C1F05_1_105_c-150x150.jpeg\" data-width=\"150\" data-height=\"150\" aria-label=\"\" role=\"img\" ><\/div>\n\t\t\t\t\t\t\t\t\t\t\t<div class=\"elementor-gallery-item__overlay\"><\/div>\n\t\t\t\t\t\t\t\t\t\t\t\t\t\t<\/a>\n\t\t\t\t\t<\/div>\n\t\t\t\t\t<\/div>\n\t\t\t\t<\/div>\n\t\t\t\t\t<\/div>\n\t\t<\/div>\n\t\t\t\t\t<\/div>\n\t\t<\/section>\n\t\t\t\t<section class=\"elementor-section elementor-top-section elementor-element elementor-element-0cfb068 elementor-section-boxed elementor-section-height-default elementor-section-height-default\" data-id=\"0cfb068\" data-element_type=\"section\" data-e-type=\"section\">\n\t\t\t\t\t\t<div class=\"elementor-container elementor-column-gap-default\">\n\t\t\t\t\t<div class=\"elementor-column elementor-col-33 elementor-top-column elementor-element elementor-element-9a45dce\" data-id=\"9a45dce\" data-element_type=\"column\" data-e-type=\"column\">\n\t\t\t<div class=\"elementor-widget-wrap elementor-element-populated\">\n\t\t\t\t\t\t<div class=\"elementor-element elementor-element-f8914c9 elementor-widget elementor-widget-image\" data-id=\"f8914c9\" data-element_type=\"widget\" data-e-type=\"widget\" data-widget_type=\"image.default\">\n\t\t\t\t<div class=\"elementor-widget-container\">\n\t\t\t\t\t\t\t\t\t\t\t\t\t\t\t\t<a href=\"https:\/\/vom-sassbach.com\/wp-content\/uploads\/2023\/05\/A2A0CB64-F866-4A0B-A710-4B63E30C1C77_1_105_c.jpeg\" data-elementor-open-lightbox=\"yes\" data-elementor-lightbox-title=\"A2A0CB64-F866-4A0B-A710-4B63E30C1C77_1_105_c\" data-e-action-hash=\"#elementor-action%3Aaction%3Dlightbox%26settings%3DeyJpZCI6NDMsInVybCI6Imh0dHBzOlwvXC92b20tc2Fzc2JhY2guY29tXC93cC1jb250ZW50XC91cGxvYWRzXC8yMDIzXC8wNVwvQTJBMENCNjQtRjg2Ni00QTBCLUE3MTAtNEI2M0UzMEMxQzc3XzFfMTA1X2MuanBlZyJ9\">\n\t\t\t\t\t\t\t<img decoding=\"async\" width=\"960\" height=\"703\" src=\"https:\/\/vom-sassbach.com\/wp-content\/uploads\/2023\/05\/A2A0CB64-F866-4A0B-A710-4B63E30C1C77_1_105_c-1024x750.jpeg\" class=\"attachment-large size-large wp-image-43\" alt=\"\" srcset=\"https:\/\/vom-sassbach.com\/wp-content\/uploads\/2023\/05\/A2A0CB64-F866-4A0B-A710-4B63E30C1C77_1_105_c-1024x750.jpeg 1024w, https:\/\/vom-sassbach.com\/wp-content\/uploads\/2023\/05\/A2A0CB64-F866-4A0B-A710-4B63E30C1C77_1_105_c-300x220.jpeg 300w, https:\/\/vom-sassbach.com\/wp-content\/uploads\/2023\/05\/A2A0CB64-F866-4A0B-A710-4B63E30C1C77_1_105_c-768x563.jpeg 768w, https:\/\/vom-sassbach.com\/wp-content\/uploads\/2023\/05\/A2A0CB64-F866-4A0B-A710-4B63E30C1C77_1_105_c.jpeg 1036w\" sizes=\"(max-width: 960px) 100vw, 960px\" \/>\t\t\t\t\t\t\t\t<\/a>\n\t\t\t\t\t\t\t\t\t\t\t\t\t\t\t<\/div>\n\t\t\t\t<\/div>\n\t\t\t\t<div class=\"elementor-element elementor-element-466d338 elementor-widget elementor-widget-heading\" data-id=\"466d338\" data-element_type=\"widget\" data-e-type=\"widget\" data-widget_type=\"heading.default\">\n\t\t\t\t<div class=\"elementor-widget-container\">\n\t\t\t\t\t<h1 class=\"elementor-heading-title elementor-size-default\">Shikoku<\/h1>\t\t\t\t<\/div>\n\t\t\t\t<\/div>\n\t\t\t\t\t<\/div>\n\t\t<\/div>\n\t\t\t\t<div class=\"elementor-column elementor-col-66 elementor-top-column elementor-element elementor-element-8f1f8d9\" data-id=\"8f1f8d9\" data-element_type=\"column\" data-e-type=\"column\">\n\t\t\t<div class=\"elementor-widget-wrap elementor-element-populated\">\n\t\t\t\t\t\t<div class=\"elementor-element elementor-element-84c31a8 elementor-widget elementor-widget-text-editor\" data-id=\"84c31a8\" data-element_type=\"widget\" data-e-type=\"widget\" data-widget_type=\"text-editor.default\">\n\t\t\t\t<div class=\"elementor-widget-container\">\n\t\t\t\t\t\t\t\t\t<p>Der Shikoku FCI 319 wird als eine der seltensten japanischen Hunderassen <br \/>angesehen, die schon vor langer Zeit gez\u00fcchtet und als heilig betrachtet wurde. Er zeichnet sich durch seine Robustheit aus und ist in den <br \/>Farben Rot, Sesam und Grau erh\u00e4ltlich. Die Gr\u00f6\u00dfe reicht von 40-52cm. Wir sind die ersten Z\u00fcchter dieser Rasse in Deutschland und auch Europa, da die Tiere von Japan importiert wurden. Unsere Zuchttiere wurden untersucht, um HD, ED zu bestimmen. Wir durften uns \u00fcber den Titel Europasieger Junior 2014, Weltsieger 2018 und viele BOB CACIB Champions freuen. Unsere H\u00fcndin Canis gewann den Titel Europameister 2019 in Wels und ebenso den Weltsieger Linien 2021. Wir stehen f\u00fcr Informationen, Reservierungen oder Besuche jederzeit zur Verf\u00fcgung.<\/p><p>\u00a0<\/p><p>Aktuell: Wir haben Shikoku Welpen (April 2024)<\/p>\t\t\t\t\t\t\t\t<\/div>\n\t\t\t\t<\/div>\n\t\t\t\t<div class=\"elementor-element elementor-element-6ea580a elementor-widget elementor-widget-heading\" data-id=\"6ea580a\" data-element_type=\"widget\" data-e-type=\"widget\" data-widget_type=\"heading.default\">\n\t\t\t\t<div class=\"elementor-widget-container\">\n\t\t\t\t\t<h3 class=\"elementor-heading-title elementor-size-default\">Galerie<\/h3>\t\t\t\t<\/div>\n\t\t\t\t<\/div>\n\t\t\t\t<div class=\"elementor-element elementor-element-96066c7 elementor-widget elementor-widget-gallery\" data-id=\"96066c7\" data-element_type=\"widget\" data-e-type=\"widget\" data-settings=\"{&quot;gallery_layout&quot;:&quot;justified&quot;,&quot;ideal_row_height_mobile&quot;:{&quot;unit&quot;:&quot;px&quot;,&quot;size&quot;:120,&quot;sizes&quot;:[]},&quot;lazyload&quot;:&quot;yes&quot;,&quot;ideal_row_height&quot;:{&quot;unit&quot;:&quot;px&quot;,&quot;size&quot;:200,&quot;sizes&quot;:[]},&quot;ideal_row_height_tablet&quot;:{&quot;unit&quot;:&quot;px&quot;,&quot;size&quot;:150,&quot;sizes&quot;:[]},&quot;gap&quot;:{&quot;unit&quot;:&quot;px&quot;,&quot;size&quot;:10,&quot;sizes&quot;:[]},&quot;gap_tablet&quot;:{&quot;unit&quot;:&quot;px&quot;,&quot;size&quot;:10,&quot;sizes&quot;:[]},&quot;gap_mobile&quot;:{&quot;unit&quot;:&quot;px&quot;,&quot;size&quot;:10,&quot;sizes&quot;:[]},&quot;link_to&quot;:&quot;file&quot;,&quot;overlay_background&quot;:&quot;yes&quot;,&quot;content_hover_animation&quot;:&quot;fade-in&quot;}\" data-widget_type=\"gallery.default\">\n\t\t\t\t<div class=\"elementor-widget-container\">\n\t\t\t\t\t\t\t<div class=\"elementor-gallery__container\">\n\t\t\t\t\t\t\t<a class=\"e-gallery-item elementor-gallery-item elementor-animated-content\" href=\"https:\/\/vom-sassbach.com\/wp-content\/uploads\/2023\/05\/D40BB960-E937-4469-8A20-F7225CC73E4E_1_105_c.jpeg\" data-elementor-open-lightbox=\"yes\" data-elementor-lightbox-slideshow=\"all-96066c7\" data-elementor-lightbox-title=\"D40BB960-E937-4469-8A20-F7225CC73E4E_1_105_c\" data-e-action-hash=\"#elementor-action%3Aaction%3Dlightbox%26settings%3DeyJpZCI6MzI5LCJ1cmwiOiJodHRwczpcL1wvdm9tLXNhc3NiYWNoLmNvbVwvd3AtY29udGVudFwvdXBsb2Fkc1wvMjAyM1wvMDVcL0Q0MEJCOTYwLUU5MzctNDQ2OS04QTIwLUY3MjI1Q0M3M0U0RV8xXzEwNV9jLmpwZWciLCJzbGlkZXNob3ciOiJhbGwtOTYwNjZjNyJ9\">\n\t\t\t\t\t<div class=\"e-gallery-image elementor-gallery-item__image\" data-thumbnail=\"https:\/\/vom-sassbach.com\/wp-content\/uploads\/2023\/05\/D40BB960-E937-4469-8A20-F7225CC73E4E_1_105_c-224x300.jpeg\" data-width=\"224\" data-height=\"300\" aria-label=\"\" role=\"img\" ><\/div>\n\t\t\t\t\t\t\t\t\t\t\t<div class=\"elementor-gallery-item__overlay\"><\/div>\n\t\t\t\t\t\t\t\t\t\t\t\t\t\t<\/a>\n\t\t\t\t\t<\/div>\n\t\t\t\t\t<\/div>\n\t\t\t\t<\/div>\n\t\t\t\t\t<\/div>\n\t\t<\/div>\n\t\t\t\t\t<\/div>\n\t\t<\/section>\n\t\t\t\t<section class=\"elementor-section elementor-top-section elementor-element elementor-element-9c58e7a elementor-section-boxed elementor-section-height-default elementor-section-height-default\" data-id=\"9c58e7a\" data-element_type=\"section\" data-e-type=\"section\">\n\t\t\t\t\t\t<div class=\"elementor-container elementor-column-gap-default\">\n\t\t\t\t\t<div class=\"elementor-column elementor-col-33 elementor-top-column elementor-element elementor-element-9071f38\" data-id=\"9071f38\" data-element_type=\"column\" data-e-type=\"column\">\n\t\t\t<div class=\"elementor-widget-wrap elementor-element-populated\">\n\t\t\t\t\t\t<div class=\"elementor-element elementor-element-eb0dc18 elementor-widget elementor-widget-image\" data-id=\"eb0dc18\" data-element_type=\"widget\" data-e-type=\"widget\" data-widget_type=\"image.default\">\n\t\t\t\t<div class=\"elementor-widget-container\">\n\t\t\t\t\t\t\t\t\t\t\t\t\t\t\t\t<a href=\"https:\/\/vom-sassbach.com\/wp-content\/uploads\/2023\/05\/7A7642A9-87EA-458B-B33D-6EF266E19A97_1_105_c.jpeg\" data-elementor-open-lightbox=\"yes\" data-elementor-lightbox-title=\"7A7642A9-87EA-458B-B33D-6EF266E19A97_1_105_c\" data-e-action-hash=\"#elementor-action%3Aaction%3Dlightbox%26settings%3DeyJpZCI6MjE1LCJ1cmwiOiJodHRwczpcL1wvdm9tLXNhc3NiYWNoLmNvbVwvd3AtY29udGVudFwvdXBsb2Fkc1wvMjAyM1wvMDVcLzdBNzY0MkE5LTg3RUEtNDU4Qi1CMzNELTZFRjI2NkUxOUE5N18xXzEwNV9jLmpwZWcifQ%3D%3D\">\n\t\t\t\t\t\t\t<img decoding=\"async\" width=\"812\" height=\"968\" src=\"https:\/\/vom-sassbach.com\/wp-content\/uploads\/2023\/05\/7A7642A9-87EA-458B-B33D-6EF266E19A97_1_105_c.jpeg\" class=\"attachment-large size-large wp-image-215\" alt=\"\" srcset=\"https:\/\/vom-sassbach.com\/wp-content\/uploads\/2023\/05\/7A7642A9-87EA-458B-B33D-6EF266E19A97_1_105_c.jpeg 812w, https:\/\/vom-sassbach.com\/wp-content\/uploads\/2023\/05\/7A7642A9-87EA-458B-B33D-6EF266E19A97_1_105_c-252x300.jpeg 252w, https:\/\/vom-sassbach.com\/wp-content\/uploads\/2023\/05\/7A7642A9-87EA-458B-B33D-6EF266E19A97_1_105_c-768x916.jpeg 768w\" sizes=\"(max-width: 812px) 100vw, 812px\" \/>\t\t\t\t\t\t\t\t<\/a>\n\t\t\t\t\t\t\t\t\t\t\t\t\t\t\t<\/div>\n\t\t\t\t<\/div>\n\t\t\t\t<div class=\"elementor-element elementor-element-efa3569 elementor-widget elementor-widget-heading\" data-id=\"efa3569\" data-element_type=\"widget\" data-e-type=\"widget\" data-widget_type=\"heading.default\">\n\t\t\t\t<div class=\"elementor-widget-container\">\n\t\t\t\t\t<h1 class=\"elementor-heading-title elementor-size-default\">Hockaido<\/h1>\t\t\t\t<\/div>\n\t\t\t\t<\/div>\n\t\t\t\t\t<\/div>\n\t\t<\/div>\n\t\t\t\t<div class=\"elementor-column elementor-col-66 elementor-top-column elementor-element elementor-element-af91f08\" data-id=\"af91f08\" data-element_type=\"column\" data-e-type=\"column\">\n\t\t\t<div class=\"elementor-widget-wrap elementor-element-populated\">\n\t\t\t\t\t\t<div class=\"elementor-element elementor-element-96d3979 elementor-widget elementor-widget-text-editor\" data-id=\"96d3979\" data-element_type=\"widget\" data-e-type=\"widget\" data-widget_type=\"text-editor.default\">\n\t\t\t\t<div class=\"elementor-widget-container\">\n\t\t\t\t\t\t\t\t\t<p>Die Ureinwohner Japans haben den Hokkaido schon seit langer Zeit als mittelgro\u00dfen, mutigen und widerstandsf\u00e4higen Jagdhund und Begleiter gez\u00fcchtet, der eine Gr\u00f6\u00dfe von 45 bis 51 cm erreichen kann. Seit 1937 hat die Rasse unter Naturschutz gestanden und ist derzeit eine sehr rare Art. Wir im Hause &#8222;vom-Sassbach&#8220; sind stolz, unsere gesunden, robusten, sozialisierten und wesensfesten Familien- und Ausstellungslinien vorstellen zu d\u00fcrfen. Unsere Zuchtst\u00e4tte besitzt eine der ber\u00fchmtesten Linien der Welt &#8211; BOB Europasieger 2014, 2015, 2016, 2017, 2018, 2019 und viele CACIBs und BOBs weltweit. Wir sind auch die erfolgreichsten Hokkaido-Z\u00fcchter der Welt, zwei Mal Europasieger in Br\u00fcssel mit Eigennachzuchten! Alle zur Zucht verwendeten Hunde sind auf HD, ED usw. untersucht. Unsere besten Hokkaidos 2014-2018 stehen in unserer Zuchtst\u00e4tte. Sie konnten Best of Breed auf der NIPPON Show in Japan sowie Best of Breed Europasieger 2019 in Wels und WELTSIEGER 2021 Best of Breed werden.<\/p><p><br><\/p><p>Aktuell: Wir haben Hockaido Welpen. (April 2024)<\/p>\t\t\t\t\t\t\t\t<\/div>\n\t\t\t\t<\/div>\n\t\t\t\t<div class=\"elementor-element elementor-element-8d6e0d4 elementor-widget elementor-widget-heading\" data-id=\"8d6e0d4\" data-element_type=\"widget\" data-e-type=\"widget\" data-widget_type=\"heading.default\">\n\t\t\t\t<div class=\"elementor-widget-container\">\n\t\t\t\t\t<h3 class=\"elementor-heading-title elementor-size-default\">Galerie<\/h3>\t\t\t\t<\/div>\n\t\t\t\t<\/div>\n\t\t\t\t<div class=\"elementor-element elementor-element-104f69a elementor-widget elementor-widget-gallery\" data-id=\"104f69a\" data-element_type=\"widget\" data-e-type=\"widget\" data-settings=\"{&quot;gallery_layout&quot;:&quot;justified&quot;,&quot;ideal_row_height_mobile&quot;:{&quot;unit&quot;:&quot;px&quot;,&quot;size&quot;:120,&quot;sizes&quot;:[]},&quot;lazyload&quot;:&quot;yes&quot;,&quot;ideal_row_height&quot;:{&quot;unit&quot;:&quot;px&quot;,&quot;size&quot;:200,&quot;sizes&quot;:[]},&quot;ideal_row_height_tablet&quot;:{&quot;unit&quot;:&quot;px&quot;,&quot;size&quot;:150,&quot;sizes&quot;:[]},&quot;gap&quot;:{&quot;unit&quot;:&quot;px&quot;,&quot;size&quot;:10,&quot;sizes&quot;:[]},&quot;gap_tablet&quot;:{&quot;unit&quot;:&quot;px&quot;,&quot;size&quot;:10,&quot;sizes&quot;:[]},&quot;gap_mobile&quot;:{&quot;unit&quot;:&quot;px&quot;,&quot;size&quot;:10,&quot;sizes&quot;:[]},&quot;link_to&quot;:&quot;file&quot;,&quot;overlay_background&quot;:&quot;yes&quot;,&quot;content_hover_animation&quot;:&quot;fade-in&quot;}\" data-widget_type=\"gallery.default\">\n\t\t\t\t<div class=\"elementor-widget-container\">\n\t\t\t\t\t\t\t<div class=\"elementor-gallery__container\">\n\t\t\t\t\t\t\t<a class=\"e-gallery-item elementor-gallery-item elementor-animated-content\" href=\"https:\/\/vom-sassbach.com\/wp-content\/uploads\/2023\/05\/9A56FF65-D589-405D-9F11-C7E4166BAF12.jpeg\" data-elementor-open-lightbox=\"yes\" data-elementor-lightbox-slideshow=\"all-104f69a\" data-elementor-lightbox-title=\"9A56FF65-D589-405D-9F11-C7E4166BAF12\" data-e-action-hash=\"#elementor-action%3Aaction%3Dlightbox%26settings%3DeyJpZCI6MzI4LCJ1cmwiOiJodHRwczpcL1wvdm9tLXNhc3NiYWNoLmNvbVwvd3AtY29udGVudFwvdXBsb2Fkc1wvMjAyM1wvMDVcLzlBNTZGRjY1LUQ1ODktNDA1RC05RjExLUM3RTQxNjZCQUYxMi5qcGVnIiwic2xpZGVzaG93IjoiYWxsLTEwNGY2OWEifQ%3D%3D\">\n\t\t\t\t\t<div class=\"e-gallery-image elementor-gallery-item__image\" data-thumbnail=\"https:\/\/vom-sassbach.com\/wp-content\/uploads\/2023\/05\/9A56FF65-D589-405D-9F11-C7E4166BAF12-218x300.jpeg\" data-width=\"218\" data-height=\"300\" aria-label=\"\" role=\"img\" ><\/div>\n\t\t\t\t\t\t\t\t\t\t\t<div class=\"elementor-gallery-item__overlay\"><\/div>\n\t\t\t\t\t\t\t\t\t\t\t\t\t\t<\/a>\n\t\t\t\t\t<\/div>\n\t\t\t\t\t<\/div>\n\t\t\t\t<\/div>\n\t\t\t\t\t<\/div>\n\t\t<\/div>\n\t\t\t\t\t<\/div>\n\t\t<\/section>\n\t\t\t\t<section class=\"elementor-section elementor-top-section elementor-element elementor-element-214fcc3 elementor-section-boxed elementor-section-height-default elementor-section-height-default\" data-id=\"214fcc3\" data-element_type=\"section\" data-e-type=\"section\">\n\t\t\t\t\t\t<div class=\"elementor-container elementor-column-gap-default\">\n\t\t\t\t\t<div class=\"elementor-column elementor-col-100 elementor-top-column elementor-element elementor-element-feec9de\" data-id=\"feec9de\" data-element_type=\"column\" data-e-type=\"column\">\n\t\t\t<div class=\"elementor-widget-wrap elementor-element-populated\">\n\t\t\t\t\t\t<div class=\"elementor-element elementor-element-64f867f elementor-widget elementor-widget-heading\" data-id=\"64f867f\" data-element_type=\"widget\" data-e-type=\"widget\" data-widget_type=\"heading.default\">\n\t\t\t\t<div class=\"elementor-widget-container\">\n\t\t\t\t\t<h2 class=\"elementor-heading-title elementor-size-default\">Premium Partner<\/h2>\t\t\t\t<\/div>\n\t\t\t\t<\/div>\n\t\t\t\t<div class=\"elementor-element elementor-element-503123f elementor-widget-divider--view-line elementor-widget elementor-widget-divider\" data-id=\"503123f\" data-element_type=\"widget\" data-e-type=\"widget\" data-widget_type=\"divider.default\">\n\t\t\t\t<div class=\"elementor-widget-container\">\n\t\t\t\t\t\t\t<div class=\"elementor-divider\">\n\t\t\t<span class=\"elementor-divider-separator\">\n\t\t\t\t\t\t<\/span>\n\t\t<\/div>\n\t\t\t\t\t\t<\/div>\n\t\t\t\t<\/div>\n\t\t\t\t<div class=\"elementor-element elementor-element-0a9c0a0 elementor-widget elementor-widget-text-editor\" data-id=\"0a9c0a0\" data-element_type=\"widget\" data-e-type=\"widget\" data-widget_type=\"text-editor.default\">\n\t\t\t\t<div class=\"elementor-widget-container\">\n\t\t\t\t\t\t\t\t\t<p>Fedor\u00ae Kunden sind so begeistert, dass sie ihren Freunden gerne Fedor\u00ae Tiernahrung empfehlen. Wir danken ihnen f\u00fcr die vielen Weiterempfehlungen und belohnen sie mit Fedor\u00ae Credit\u2019s. Wenn Kunden von empfohlenen Freunden bei Fedor\u00ae einkaufen, erhalten sie diese Credit\u2019s. Dank Fedor\u00ae Freundschaftswerbung k\u00f6nnen sie auch auf Dauer g\u00fcnstiger, oder sogar kostenlos hochwertige und gesunde Fedor\u00ae Futter f\u00fcr Katzen und Hunde erhalten!<\/p>\t\t\t\t\t\t\t\t<\/div>\n\t\t\t\t<\/div>\n\t\t\t\t<div class=\"elementor-element elementor-element-c92dd1d elementor-align-right elementor-widget elementor-widget-button\" data-id=\"c92dd1d\" data-element_type=\"widget\" data-e-type=\"widget\" data-widget_type=\"button.default\">\n\t\t\t\t<div class=\"elementor-widget-container\">\n\t\t\t\t\t\t\t\t\t<div class=\"elementor-button-wrapper\">\n\t\t\t\t\t<a class=\"elementor-button elementor-button-link elementor-size-sm\" href=\"https:\/\/shop.fedor.at\/\">\n\t\t\t\t\t\t<span class=\"elementor-button-content-wrapper\">\n\t\t\t\t\t\t\t\t\t<span class=\"elementor-button-text\">Fedor.at <\/span>\n\t\t\t\t\t<\/span>\n\t\t\t\t\t<\/a>\n\t\t\t\t<\/div>\n\t\t\t\t\t\t\t\t<\/div>\n\t\t\t\t<\/div>\n\t\t\t\t\t<\/div>\n\t\t<\/div>\n\t\t\t\t\t<\/div>\n\t\t<\/section>\n\t\t\t\t<\/div>\n\t\t","protected":false},"excerpt":{"rendered":"<p>Zucht Shiba Inu Der Shiba Inu ist ein japanischer Hund, dessen Wurzeln vor etwa 8000 Jahren zur\u00fcckverfolgt werden k\u00f6nnen. Er ist ein nationales Naturdenkmal in Japan und 1928 begann man mit seiner Neuzucht. 1934 erstellte man schlie\u00dflich den Standard des Shiba Inus. Daher gibt es heute zwei verschiedene Schl\u00e4ge: Ein hochbeiniger, kr\u00e4ftiger und elegant wirkender [&hellip;]<\/p>\n","protected":false},"author":1,"featured_media":0,"parent":0,"menu_order":0,"comment_status":"closed","ping_status":"closed","template":"","meta":{"footnotes":""},"class_list":["post-168","page","type-page","status-publish","hentry"],"acf":[],"_links":{"self":[{"href":"https:\/\/vom-sassbach.com\/index.php?rest_route=\/wp\/v2\/pages\/168","targetHints":{"allow":["GET"]}}],"collection":[{"href":"https:\/\/vom-sassbach.com\/index.php?rest_route=\/wp\/v2\/pages"}],"about":[{"href":"https:\/\/vom-sassbach.com\/index.php?rest_route=\/wp\/v2\/types\/page"}],"author":[{"embeddable":true,"href":"https:\/\/vom-sassbach.com\/index.php?rest_route=\/wp\/v2\/users\/1"}],"replies":[{"embeddable":true,"href":"https:\/\/vom-sassbach.com\/index.php?rest_route=%2Fwp%2Fv2%2Fcomments&post=168"}],"version-history":[{"count":64,"href":"https:\/\/vom-sassbach.com\/index.php?rest_route=\/wp\/v2\/pages\/168\/revisions"}],"predecessor-version":[{"id":392,"href":"https:\/\/vom-sassbach.com\/index.php?rest_route=\/wp\/v2\/pages\/168\/revisions\/392"}],"wp:attachment":[{"href":"https:\/\/vom-sassbach.com\/index.php?rest_route=%2Fwp%2Fv2%2Fmedia&parent=168"}],"curies":[{"name":"wp","href":"https:\/\/api.w.org\/{rel}","templated":true}]}}